{"id":16,"date":"2024-03-24T12:03:31","date_gmt":"2024-03-24T11:03:31","guid":{"rendered":"https:\/\/spiritofpharaoh.sk\/?page_id=16"},"modified":"2024-03-26T17:17:56","modified_gmt":"2024-03-26T16:17:56","slug":"vitajte-na-nasom-webe","status":"publish","type":"page","link":"https:\/\/spiritofpharaoh.sk\/","title":{"rendered":"Vitajte na na\u0161om webe!"},"content":{"rendered":"\n<p class=\"has-black-color has-text-color has-link-color has-large-font-size wp-elements-18775b8a79caf921da29c35a09e226fd\">Vitajte na na\u0161om webe!<\/p>\n\n\n\n<p class=\"has-black-color has-text-color has-link-color wp-elements-ac3990bf549d9686ddf17619c95f2dc3\">Sme mal\u00e1 hobby chovate\u013esk\u00e1 stanica, m\u00e1me tri \u00fa\u017easn\u00e9 su\u010dky Fara\u00f3nskeho psa <\/p>\n\n\n\n<ul>\n<li><a href=\"https:\/\/pharaohhound.breedarchive.com\/animal\/view\/ostseerunners-chuju-f46f6c5f-7fa9-469d-a107-ffc970ff71a8\" target=\"_blank\" rel=\"noreferrer noopener\">Chuju<\/a> &#8211; Ch Ostseerunner&#8217;s Chuju, import Nemecko,<\/li>\n\n\n\n<li><a href=\"https:\/\/pharaohhound.breedarchive.com\/animal\/view\/smokinin-havanna-bahar-pharaoh-98880118-e978-4417-b88f-711bd064a170\" target=\"_blank\" rel=\"noreferrer noopener\">Havanu<\/a> &#8211; JCh Smokin&#8217;in Havanna Bahar Pharaoh, import Loty\u0161ko,<\/li>\n\n\n\n<li>a <a href=\"https:\/\/pharaohhound.breedarchive.com\/animal\/view\/spirit-of-pharaoh-all-i-ever-wanted-d2de9912-2537-4478-918f-4db713f1e5fe\" target=\"_blank\" rel=\"noreferrer noopener\">Dorku<\/a> &#8211; Spirit of pharaoh All I Ever Wanted, z n\u00e1\u0161ho prv\u00e9ho vrhu<\/li>\n<\/ul>\n\n\n\n<p class=\"has-black-color has-text-color has-link-color wp-elements-fef80f0e0e04a3ffa72d9bf7e8cc2ea0\">s ktor\u00fdmi sa relaxa\u010dne venujeme v\u00fdstav\u00e1m. S\u00fa to v\u0161ak predov\u0161etk\u00fdm na\u0161i \u201emazn\u00e1\u010dikovia\u201c, ktor\u00fdch milujeme nadov\u0161etko.<\/p>\n\n\n\n<p class=\"has-black-color has-text-color has-link-color wp-elements-131383d36882bd66c28bbe524dd6c293\">V roku 2020 sme odchovali n\u00e1\u0161 prv\u00fd vrh, ktor\u00fd n\u00e1s uchv\u00e1til, a ur\u010dite by sme v bud\u00facnosti \u0161teniatka e\u0161te chceli.<br>Sledujte na\u0161u str\u00e1nku pre viac inform\u00e1ci\u00ed o na\u0161ich pl\u00e1noch.<\/p>\n\n\n\n<figure class=\"wp-block-image size-large\"><img loading=\"lazy\" decoding=\"async\" width=\"1024\" height=\"683\" src=\"https:\/\/spiritofpharaoh.sk\/wp-content\/uploads\/2024\/03\/image-1024x683.png\" alt=\"\" class=\"wp-image-25\" srcset=\"https:\/\/spiritofpharaoh.sk\/wp-content\/uploads\/2024\/03\/image-1024x683.png 1024w, https:\/\/spiritofpharaoh.sk\/wp-content\/uploads\/2024\/03\/image-300x200.png 300w, https:\/\/spiritofpharaoh.sk\/wp-content\/uploads\/2024\/03\/image-768x512.png 768w, https:\/\/spiritofpharaoh.sk\/wp-content\/uploads\/2024\/03\/image-1536x1024.png 1536w, https:\/\/spiritofpharaoh.sk\/wp-content\/uploads\/2024\/03\/image.png 2048w\" sizes=\"(max-width: 1024px) 100vw, 1024px\" \/><figcaption class=\"wp-element-caption\">Dorka &#8211; Spirit of Pharaoh All I Ever Wanted<br>(Multi SBIS, CIB, MCh, res.WW Farao Anubis Aldebaran x SK Ch, HU Ch, SK JCh Ostseerunner\u2019s Chuju)<\/figcaption><\/figure>\n\n\n\n<p><\/p>\n\n\n\n<p class=\"has-black-color has-text-color has-link-color wp-elements-9ac00cf961d1ea846fe5a532228b76c6\"><\/p>\n","protected":false},"excerpt":{"rendered":"<p>Vitajte na na\u0161om webe! Sme mal\u00e1 hobby chovate\u013esk\u00e1 stanica, m\u00e1me tri \u00fa\u017easn\u00e9 su\u010dky Fara\u00f3nskeho psa s ktor\u00fdmi sa relaxa\u010dne venujeme v\u00fdstav\u00e1m. S\u00fa to v\u0161ak predov\u0161etk\u00fdm na\u0161i \u201emazn\u00e1\u010dikovia\u201c, ktor\u00fdch milujeme nadov\u0161etko. &#8230;<\/p>\n","protected":false},"author":1,"featured_media":0,"parent":0,"menu_order":0,"comment_status":"closed","ping_status":"closed","template":"","meta":{"footnotes":""},"_links":{"self":[{"href":"https:\/\/spiritofpharaoh.sk\/index.php\/wp-json\/wp\/v2\/pages\/16"}],"collection":[{"href":"https:\/\/spiritofpharaoh.sk\/index.php\/wp-json\/wp\/v2\/pages"}],"about":[{"href":"https:\/\/spiritofpharaoh.sk\/index.php\/wp-json\/wp\/v2\/types\/page"}],"author":[{"embeddable":true,"href":"https:\/\/spiritofpharaoh.sk\/index.php\/wp-json\/wp\/v2\/users\/1"}],"replies":[{"embeddable":true,"href":"https:\/\/spiritofpharaoh.sk\/index.php\/wp-json\/wp\/v2\/comments?post=16"}],"version-history":[{"count":19,"href":"https:\/\/spiritofpharaoh.sk\/index.php\/wp-json\/wp\/v2\/pages\/16\/revisions"}],"predecessor-version":[{"id":78,"href":"https:\/\/spiritofpharaoh.sk\/index.php\/wp-json\/wp\/v2\/pages\/16\/revisions\/78"}],"wp:attachment":[{"href":"https:\/\/spiritofpharaoh.sk\/index.php\/wp-json\/wp\/v2\/media?parent=16"}],"curies":[{"name":"wp","href":"https:\/\/api.w.org\/{rel}","templated":true}]}}