{"id":56,"date":"2024-03-26T16:25:08","date_gmt":"2024-03-26T15:25:08","guid":{"rendered":"https:\/\/spiritofpharaoh.sk\/?page_id=56"},"modified":"2024-03-26T17:42:04","modified_gmt":"2024-03-26T16:42:04","slug":"a-vrh-spirit-of-pharaoh","status":"publish","type":"page","link":"https:\/\/spiritofpharaoh.sk\/index.php\/a-vrh-spirit-of-pharaoh\/","title":{"rendered":"&#8218;A&#8216; vrh Spirit of Pharaoh"},"content":{"rendered":"\n<p><a href=\"https:\/\/pharaohhound.breedarchive.com\/animal\/view\/spirit-of-pharaoh-all-eyes-on-me-50efe685-0382-402e-8cd1-cbb0e78c4c84\"><\/a><\/p>\n\n\n\n<div class=\"wp-block-group is-layout-constrained wp-block-group-is-layout-constrained\"><div class=\"wp-block-group__inner-container\">\n<div class=\"wp-block-columns is-layout-flex wp-container-core-columns-layout-1 wp-block-columns-is-layout-flex\">\n<div class=\"wp-block-column is-layout-flow wp-block-column-is-layout-flow\" style=\"flex-basis:40%\">\n<ul>\n<li><a href=\"https:\/\/pharaohhound.breedarchive.com\/animal\/view\/spirit-of-pharaoh-all-eyes-on-me-50efe685-0382-402e-8cd1-cbb0e78c4c84\" target=\"_blank\" rel=\"noreferrer noopener\">Spirit of Pharaoh All Eyes on Me&nbsp;<\/a><a href=\"https:\/\/pharaohhound.breedarchive.com\/animal\/view\/spirit-of-pharaoh-ancient-treasure-318370cf-ad9c-4a8d-8377-2800895553ea\"><\/a><\/li>\n\n\n\n<li><a href=\"https:\/\/pharaohhound.breedarchive.com\/animal\/view\/spirit-of-pharaoh-ancient-treasure-318370cf-ad9c-4a8d-8377-2800895553ea\" target=\"_blank\" rel=\"noreferrer noopener\">Spirit of Pharaoh Ancient Treasure&nbsp;<\/a><a href=\"https:\/\/pharaohhound.breedarchive.com\/animal\/view\/spirit-of-pharaoh-a-star-is-born-d306bb9c-e507-46e6-9deb-9688c055f0c6\"><\/a><\/li>\n\n\n\n<li><a href=\"https:\/\/pharaohhound.breedarchive.com\/animal\/view\/spirit-of-pharaoh-a-star-is-born-d306bb9c-e507-46e6-9deb-9688c055f0c6\" target=\"_blank\" rel=\"noreferrer noopener\">Spirit of pharaoh A Star Is Born&nbsp;<\/a><a href=\"https:\/\/pharaohhound.breedarchive.com\/animal\/view\/spirit-of-pharaoh-all-i-ever-wanted-d2de9912-2537-4478-918f-4db713f1e5fe\"><\/a><\/li>\n\n\n\n<li><a href=\"https:\/\/pharaohhound.breedarchive.com\/animal\/view\/spirit-of-pharaoh-all-i-ever-wanted-d2de9912-2537-4478-918f-4db713f1e5fe\" target=\"_blank\" rel=\"noreferrer noopener\">Spirit of pharaoh All I ever wanted&nbsp;<\/a><a href=\"https:\/\/pharaohhound.breedarchive.com\/animal\/view\/spirit-of-pharaoh-angel-on-earth-844213e0-6547-473b-8426-d994dd395622\"><\/a><\/li>\n\n\n\n<li><a href=\"https:\/\/pharaohhound.breedarchive.com\/animal\/view\/spirit-of-pharaoh-angel-on-earth-844213e0-6547-473b-8426-d994dd395622\" target=\"_blank\" rel=\"noreferrer noopener\">Spirit of pharaoh Angel on Earth&nbsp;<\/a><a href=\"https:\/\/pharaohhound.breedarchive.com\/animal\/view\/spirit-of-pharaoh-autentic-dream-5aeca184-e443-42e2-aec4-30366f54a45d\"><\/a><\/li>\n\n\n\n<li><a href=\"https:\/\/pharaohhound.breedarchive.com\/animal\/view\/spirit-of-pharaoh-autentic-dream-5aeca184-e443-42e2-aec4-30366f54a45d\" target=\"_blank\" rel=\"noreferrer noopener\">Spirit of pharaoh Autentic Dream&nbsp;<\/a><\/li>\n<\/ul>\n<\/div>\n\n\n\n<div class=\"wp-block-column is-vertically-aligned-center is-layout-flow wp-block-column-is-layout-flow\" style=\"flex-basis:60%\">\n<p>D.O.B. 15.12.2020<br>4 males, 2 females<\/p>\n\n\n\n<p>sire: Multi SBIS, CIB, MCh, res.WW Farao Anubis Aldebaran<br>dam: SK Ch, HU Ch, SK JCh Ostseerunner\u2019s Chuju<\/p>\n<\/div>\n<\/div>\n<\/div><\/div>\n\n\n<div class=\"wp-block-image\">\n<figure data-wp-context=\"{ &quot;core&quot;:\n\t\t\t\t{ &quot;image&quot;:\n\t\t\t\t\t{   &quot;imageLoaded&quot;: false,\n\t\t\t\t\t\t&quot;initialized&quot;: false,\n\t\t\t\t\t\t&quot;lightboxEnabled&quot;: false,\n\t\t\t\t\t\t&quot;hideAnimationEnabled&quot;: false,\n\t\t\t\t\t\t&quot;preloadInitialized&quot;: false,\n\t\t\t\t\t\t&quot;lightboxAnimation&quot;: &quot;zoom&quot;,\n\t\t\t\t\t\t&quot;imageUploadedSrc&quot;: &quot;https:\/\/spiritofpharaoh.sk\/wp-content\/uploads\/2024\/03\/image-1.png&quot;,\n\t\t\t\t\t\t&quot;imageCurrentSrc&quot;: &quot;&quot;,\n\t\t\t\t\t\t&quot;targetWidth&quot;: &quot;960&quot;,\n\t\t\t\t\t\t&quot;targetHeight&quot;: &quot;714&quot;,\n\t\t\t\t\t\t&quot;scaleAttr&quot;: &quot;&quot;,\n\t\t\t\t\t\t&quot;dialogLabel&quot;: &quot;Zv\u011bt\u0161en\u00fd obr\u00e1zek&quot;\n\t\t\t\t\t}\n\t\t\t\t}\n\t\t\t}\" data-wp-interactive class=\"aligncenter size-full wp-lightbox-container\"><img loading=\"lazy\" decoding=\"async\" width=\"960\" height=\"714\" data-wp-effect--setStylesOnResize=\"effects.core.image.setStylesOnResize\" data-wp-effect=\"effects.core.image.setButtonStyles\" data-wp-init=\"effects.core.image.initOriginImage\" data-wp-on--click=\"actions.core.image.showLightbox\" data-wp-on--load=\"actions.core.image.handleLoad\" src=\"https:\/\/spiritofpharaoh.sk\/wp-content\/uploads\/2024\/03\/image-1.png\" alt=\"\" class=\"wp-image-58\" srcset=\"https:\/\/spiritofpharaoh.sk\/wp-content\/uploads\/2024\/03\/image-1.png 960w, https:\/\/spiritofpharaoh.sk\/wp-content\/uploads\/2024\/03\/image-1-300x223.png 300w, https:\/\/spiritofpharaoh.sk\/wp-content\/uploads\/2024\/03\/image-1-768x571.png 768w\" sizes=\"(max-width: 960px) 100vw, 960px\" \/><button\n\t\t\tclass=\"lightbox-trigger\"\n\t\t\ttype=\"button\"\n\t\t\taria-haspopup=\"dialog\"\n\t\t\taria-label=\"Zv\u011bt\u0161it obr\u00e1zek\"\n\t\t\tdata-wp-on--click=\"actions.core.image.showLightbox\"\n\t\t\tdata-wp-style--right=\"context.core.image.imageButtonRight\"\n\t\t\tdata-wp-style--top=\"context.core.image.imageButtonTop\"\n\t\t>\n\t\t\t<svg xmlns=\"http:\/\/www.w3.org\/2000\/svg\" width=\"12\" height=\"12\" fill=\"none\" viewBox=\"0 0 12 12\">\n\t\t\t\t<path fill=\"#fff\" d=\"M2 0a2 2 0 0 0-2 2v2h1.5V2a.5.5 0 0 1 .5-.5h2V0H2Zm2 10.5H2a.5.5 0 0 1-.5-.5V8H0v2a2 2 0 0 0 2 2h2v-1.5ZM8 12v-1.5h2a.5.5 0 0 0 .5-.5V8H12v2a2 2 0 0 1-2 2H8Zm2-12a2 2 0 0 1 2 2v2h-1.5V2a.5.5 0 0 0-.5-.5H8V0h2Z\" \/>\n\t\t\t<\/svg>\n\t\t<\/button>        <div data-wp-body=\"\" class=\"wp-lightbox-overlay zoom\"\n            data-wp-bind--role=\"selectors.core.image.roleAttribute\"\n            data-wp-bind--aria-label=\"selectors.core.image.dialogLabel\"\n            data-wp-class--initialized=\"context.core.image.initialized\"\n            data-wp-class--active=\"context.core.image.lightboxEnabled\"\n            data-wp-class--hideAnimationEnabled=\"context.core.image.hideAnimationEnabled\"\n            data-wp-bind--aria-modal=\"selectors.core.image.ariaModal\"\n            data-wp-effect=\"effects.core.image.initLightbox\"\n            data-wp-on--keydown=\"actions.core.image.handleKeydown\"\n            data-wp-on--touchstart=\"actions.core.image.handleTouchStart\"\n            data-wp-on--touchmove=\"actions.core.image.handleTouchMove\"\n            data-wp-on--touchend=\"actions.core.image.handleTouchEnd\"\n            data-wp-on--click=\"actions.core.image.hideLightbox\"\n            tabindex=\"-1\"\n            >\n                <button type=\"button\" aria-label=\"Zav\u0159\u00edt\" style=\"fill: #000\" class=\"close-button\" data-wp-on--click=\"actions.core.image.hideLightbox\">\n                    <svg xmlns=\"http:\/\/www.w3.org\/2000\/svg\" viewBox=\"0 0 24 24\" width=\"20\" height=\"20\" aria-hidden=\"true\" focusable=\"false\"><path d=\"M13 11.8l6.1-6.3-1-1-6.1 6.2-6.1-6.2-1 1 6.1 6.3-6.5 6.7 1 1 6.5-6.6 6.5 6.6 1-1z\"><\/path><\/svg>\n                <\/button>\n                <div class=\"lightbox-image-container\"><div class=\"wp-block-image\">\n<figure class=\"aligncenter size-full responsive-image\"><img decoding=\"async\" data-wp-bind--src=\"context.core.image.imageCurrentSrc\" data-wp-style--object-fit=\"selectors.core.image.lightboxObjectFit\" src=\"\" alt=\"\" class=\"wp-image-58\"\/><\/figure><\/div><\/div>\n                <div class=\"lightbox-image-container\"><div class=\"wp-block-image\">\n<figure class=\"aligncenter size-full enlarged-image\"><img decoding=\"async\" data-wp-bind--src=\"selectors.core.image.enlargedImgSrc\" data-wp-style--object-fit=\"selectors.core.image.lightboxObjectFit\" src=\"\" alt=\"\" class=\"wp-image-58\"\/><\/figure><\/div><\/div>\n                <div class=\"scrim\" style=\"background-color: #fff\" aria-hidden=\"true\"><\/div>\n        <\/div><\/figure><\/div>\n\n<div class=\"wp-block-image\">\n<figure data-wp-context=\"{ &quot;core&quot;:\n\t\t\t\t{ &quot;image&quot;:\n\t\t\t\t\t{   &quot;imageLoaded&quot;: false,\n\t\t\t\t\t\t&quot;initialized&quot;: false,\n\t\t\t\t\t\t&quot;lightboxEnabled&quot;: false,\n\t\t\t\t\t\t&quot;hideAnimationEnabled&quot;: false,\n\t\t\t\t\t\t&quot;preloadInitialized&quot;: false,\n\t\t\t\t\t\t&quot;lightboxAnimation&quot;: &quot;zoom&quot;,\n\t\t\t\t\t\t&quot;imageUploadedSrc&quot;: &quot;https:\/\/spiritofpharaoh.sk\/wp-content\/uploads\/2024\/03\/image-2.png&quot;,\n\t\t\t\t\t\t&quot;imageCurrentSrc&quot;: &quot;&quot;,\n\t\t\t\t\t\t&quot;targetWidth&quot;: &quot;960&quot;,\n\t\t\t\t\t\t&quot;targetHeight&quot;: &quot;531&quot;,\n\t\t\t\t\t\t&quot;scaleAttr&quot;: &quot;&quot;,\n\t\t\t\t\t\t&quot;dialogLabel&quot;: &quot;Zv\u011bt\u0161en\u00fd obr\u00e1zek&quot;\n\t\t\t\t\t}\n\t\t\t\t}\n\t\t\t}\" data-wp-interactive class=\"aligncenter size-full wp-lightbox-container\"><img loading=\"lazy\" decoding=\"async\" width=\"960\" height=\"531\" data-wp-effect--setStylesOnResize=\"effects.core.image.setStylesOnResize\" data-wp-effect=\"effects.core.image.setButtonStyles\" data-wp-init=\"effects.core.image.initOriginImage\" data-wp-on--click=\"actions.core.image.showLightbox\" data-wp-on--load=\"actions.core.image.handleLoad\" src=\"https:\/\/spiritofpharaoh.sk\/wp-content\/uploads\/2024\/03\/image-2.png\" alt=\"\" class=\"wp-image-60\" srcset=\"https:\/\/spiritofpharaoh.sk\/wp-content\/uploads\/2024\/03\/image-2.png 960w, https:\/\/spiritofpharaoh.sk\/wp-content\/uploads\/2024\/03\/image-2-300x166.png 300w, https:\/\/spiritofpharaoh.sk\/wp-content\/uploads\/2024\/03\/image-2-768x425.png 768w\" sizes=\"(max-width: 960px) 100vw, 960px\" \/><button\n\t\t\tclass=\"lightbox-trigger\"\n\t\t\ttype=\"button\"\n\t\t\taria-haspopup=\"dialog\"\n\t\t\taria-label=\"Zv\u011bt\u0161it obr\u00e1zek\"\n\t\t\tdata-wp-on--click=\"actions.core.image.showLightbox\"\n\t\t\tdata-wp-style--right=\"context.core.image.imageButtonRight\"\n\t\t\tdata-wp-style--top=\"context.core.image.imageButtonTop\"\n\t\t>\n\t\t\t<svg xmlns=\"http:\/\/www.w3.org\/2000\/svg\" width=\"12\" height=\"12\" fill=\"none\" viewBox=\"0 0 12 12\">\n\t\t\t\t<path fill=\"#fff\" d=\"M2 0a2 2 0 0 0-2 2v2h1.5V2a.5.5 0 0 1 .5-.5h2V0H2Zm2 10.5H2a.5.5 0 0 1-.5-.5V8H0v2a2 2 0 0 0 2 2h2v-1.5ZM8 12v-1.5h2a.5.5 0 0 0 .5-.5V8H12v2a2 2 0 0 1-2 2H8Zm2-12a2 2 0 0 1 2 2v2h-1.5V2a.5.5 0 0 0-.5-.5H8V0h2Z\" \/>\n\t\t\t<\/svg>\n\t\t<\/button>        <div data-wp-body=\"\" class=\"wp-lightbox-overlay zoom\"\n            data-wp-bind--role=\"selectors.core.image.roleAttribute\"\n            data-wp-bind--aria-label=\"selectors.core.image.dialogLabel\"\n            data-wp-class--initialized=\"context.core.image.initialized\"\n            data-wp-class--active=\"context.core.image.lightboxEnabled\"\n            data-wp-class--hideAnimationEnabled=\"context.core.image.hideAnimationEnabled\"\n            data-wp-bind--aria-modal=\"selectors.core.image.ariaModal\"\n            data-wp-effect=\"effects.core.image.initLightbox\"\n            data-wp-on--keydown=\"actions.core.image.handleKeydown\"\n            data-wp-on--touchstart=\"actions.core.image.handleTouchStart\"\n            data-wp-on--touchmove=\"actions.core.image.handleTouchMove\"\n            data-wp-on--touchend=\"actions.core.image.handleTouchEnd\"\n            data-wp-on--click=\"actions.core.image.hideLightbox\"\n            tabindex=\"-1\"\n            >\n                <button type=\"button\" aria-label=\"Zav\u0159\u00edt\" style=\"fill: #000\" class=\"close-button\" data-wp-on--click=\"actions.core.image.hideLightbox\">\n                    <svg xmlns=\"http:\/\/www.w3.org\/2000\/svg\" viewBox=\"0 0 24 24\" width=\"20\" height=\"20\" aria-hidden=\"true\" focusable=\"false\"><path d=\"M13 11.8l6.1-6.3-1-1-6.1 6.2-6.1-6.2-1 1 6.1 6.3-6.5 6.7 1 1 6.5-6.6 6.5 6.6 1-1z\"><\/path><\/svg>\n                <\/button>\n                <div class=\"lightbox-image-container\"><div class=\"wp-block-image\">\n<figure class=\"aligncenter size-full responsive-image\"><img decoding=\"async\" data-wp-bind--src=\"context.core.image.imageCurrentSrc\" data-wp-style--object-fit=\"selectors.core.image.lightboxObjectFit\" src=\"\" alt=\"\" class=\"wp-image-60\"\/><\/figure><\/div><\/div>\n                <div class=\"lightbox-image-container\"><div class=\"wp-block-image\">\n<figure class=\"aligncenter size-full enlarged-image\"><img decoding=\"async\" data-wp-bind--src=\"selectors.core.image.enlargedImgSrc\" data-wp-style--object-fit=\"selectors.core.image.lightboxObjectFit\" src=\"\" alt=\"\" class=\"wp-image-60\"\/><\/figure><\/div><\/div>\n                <div class=\"scrim\" style=\"background-color: #fff\" aria-hidden=\"true\"><\/div>\n        <\/div><\/figure><\/div>","protected":false},"excerpt":{"rendered":"<p>D.O.B. 15.12.20204 males, 2 females sire: Multi SBIS, CIB, MCh, res.WW Farao Anubis Aldebarandam: SK Ch, HU Ch, SK JCh Ostseerunner\u2019s Chuju<\/p>\n","protected":false},"author":1,"featured_media":0,"parent":0,"menu_order":0,"comment_status":"closed","ping_status":"closed","template":"","meta":{"footnotes":""},"_links":{"self":[{"href":"https:\/\/spiritofpharaoh.sk\/index.php\/wp-json\/wp\/v2\/pages\/56"}],"collection":[{"href":"https:\/\/spiritofpharaoh.sk\/index.php\/wp-json\/wp\/v2\/pages"}],"about":[{"href":"https:\/\/spiritofpharaoh.sk\/index.php\/wp-json\/wp\/v2\/types\/page"}],"author":[{"embeddable":true,"href":"https:\/\/spiritofpharaoh.sk\/index.php\/wp-json\/wp\/v2\/users\/1"}],"replies":[{"embeddable":true,"href":"https:\/\/spiritofpharaoh.sk\/index.php\/wp-json\/wp\/v2\/comments?post=56"}],"version-history":[{"count":11,"href":"https:\/\/spiritofpharaoh.sk\/index.php\/wp-json\/wp\/v2\/pages\/56\/revisions"}],"predecessor-version":[{"id":80,"href":"https:\/\/spiritofpharaoh.sk\/index.php\/wp-json\/wp\/v2\/pages\/56\/revisions\/80"}],"wp:attachment":[{"href":"https:\/\/spiritofpharaoh.sk\/index.php\/wp-json\/wp\/v2\/media?parent=56"}],"curies":[{"name":"wp","href":"https:\/\/api.w.org\/{rel}","templated":true}]}}